{"id":3664,"date":"2021-07-15T10:37:19","date_gmt":"2021-07-15T08:37:19","guid":{"rendered":"https:\/\/papiroeen.development-dd.dk\/?page_id=3664"},"modified":"2021-08-27T14:15:18","modified_gmt":"2021-08-27T12:15:18","slug":"privatlivspolitik","status":"publish","type":"page","link":"https:\/\/papiroeen-boliger.dk\/en\/privatlivspolitik\/","title":{"rendered":"Privacy policy"},"content":{"rendered":"<div data-elementor-type=\"wp-page\" data-elementor-id=\"3664\" class=\"elementor elementor-3664\" data-elementor-post-type=\"page\">\n\t\t\t\t\t\t<section class=\"elementor-section elementor-top-section elementor-element elementor-element-9a0c058 elementor-section-boxed elementor-section-height-default elementor-section-height-default\" data-id=\"9a0c058\" data-element_type=\"section\">\n\t\t\t\t\t\t<div class=\"elementor-container elementor-column-gap-default\">\n\t\t\t\t\t<div class=\"elementor-column elementor-col-100 elementor-top-column elementor-element elementor-element-fbcd589\" data-id=\"fbcd589\" data-element_type=\"column\">\n\t\t\t<div class=\"elementor-widget-wrap elementor-element-populated\">\n\t\t\t\t\t\t<div class=\"elementor-element elementor-element-359c54a elementor-widget elementor-widget-heading\" data-id=\"359c54a\" data-element_type=\"widget\" data-widget_type=\"heading.default\">\n\t\t\t\t<div class=\"elementor-widget-container\">\n\t\t\t\t\t<h2 class=\"elementor-heading-title elementor-size-default\">Privacy policy<\/h2>\t\t\t\t<\/div>\n\t\t\t\t<\/div>\n\t\t\t\t\t<\/div>\n\t\t<\/div>\n\t\t\t\t\t<\/div>\n\t\t<\/section>\n\t\t\t\t<section class=\"elementor-section elementor-top-section elementor-element elementor-element-0265526 elementor-section-boxed elementor-section-height-default elementor-section-height-default\" data-id=\"0265526\" data-element_type=\"section\">\n\t\t\t\t\t\t<div class=\"elementor-container elementor-column-gap-default\">\n\t\t\t\t\t<div class=\"elementor-column elementor-col-100 elementor-top-column elementor-element elementor-element-66cc9d4\" data-id=\"66cc9d4\" data-element_type=\"column\">\n\t\t\t<div class=\"elementor-widget-wrap elementor-element-populated\">\n\t\t\t\t\t\t<div class=\"elementor-element elementor-element-09c53fd elementor-widget elementor-widget-heading\" data-id=\"09c53fd\" data-element_type=\"widget\" data-widget_type=\"heading.default\">\n\t\t\t\t<div class=\"elementor-widget-container\">\n\t\t\t\t\t<div class=\"elementor-heading-title elementor-size-default\">1. Indledning<\/div>\t\t\t\t<\/div>\n\t\t\t\t<\/div>\n\t\t\t\t<div class=\"elementor-element elementor-element-b9aea25 elementor-widget elementor-widget-text-editor\" data-id=\"b9aea25\" data-element_type=\"widget\" data-widget_type=\"text-editor.default\">\n\t\t\t\t<div class=\"elementor-widget-container\">\n\t\t\t\t\t\t\t\t\t<p>I denne privatlivspolitik kan du l\u00e6se n\u00e6rmere om, hvordan Udviklingsselskabet C\u00f8 P\/S behandler personoplysninger om kunder, samarbejdspartnere mv.<\/p><p>\u00a0<\/p><p>Vores kontaktoplysninger er: kontakt@papiroeen.dk<\/p><p>\u00a0<\/p><p>Indsamling og behandling af personoplysninger foretages altid i overensstemmelse med den til enhver tid g\u00e6ldende persondatalovgivning, og (virksomhed navn) behandler alene personoplysninger, hvis virksomheden har et grundlag herfor. Derudover er virksomheden opm\u00e6rksom p\u00e5, at denne alene m\u00e5 behandle de personoplysninger, der er n\u00f8dvendige for at opn\u00e5 form\u00e5let, ligesom disse alene m\u00e5 videregives til tredjemand, s\u00e5fremt der er et s\u00e6rskilt og sagligt grundlag herfor.<\/p><p>\u00a0<\/p><p>Vi indsamler en r\u00e6kke personoplysninger, n\u00e5r du indg\u00e5r en aftale med os, tilmelder dig et arrangement eller retter henvendelse til os via e-mail, telefon eller p\u00e5 vores forskellige sider p\u00e5 internettet. Oplysningerne er n\u00f8dvendige for, at vi kan administrere den indg\u00e5ede aftale, kontakte dig med<br \/>servicemeddelelser, eller blot besvare din henvendelse.<\/p>\t\t\t\t\t\t\t\t<\/div>\n\t\t\t\t<\/div>\n\t\t\t\t<div class=\"elementor-element elementor-element-b46c5d2 elementor-widget elementor-widget-heading\" data-id=\"b46c5d2\" data-element_type=\"widget\" data-widget_type=\"heading.default\">\n\t\t\t\t<div class=\"elementor-widget-container\">\n\t\t\t\t\t<div class=\"elementor-heading-title elementor-size-default\">2. Behandling af personoplysninger og form\u00e5let hermed<\/div>\t\t\t\t<\/div>\n\t\t\t\t<\/div>\n\t\t\t\t<div class=\"elementor-element elementor-element-54f2641 elementor-widget elementor-widget-text-editor\" data-id=\"54f2641\" data-element_type=\"widget\" data-widget_type=\"text-editor.default\">\n\t\t\t\t<div class=\"elementor-widget-container\">\n\t\t\t\t\t\t\t\t\t<p>N\u00e5r du retter henvendelse til os pr. mail eller vores hjemmeside behandler vi de personoplysninger, der fremg\u00e5r af din henvendelse.<\/p><p>\u00a0<\/p><p>Vi opfordrer dig til, at du ikke sender os nogle f\u00f8lsomme eller fortrolige personoplysninger via e-mail eller andre kommunikationstjenester, f.eks. CPR-nummer, kontooplysninger eller helbredsforhold.<\/p><p>\u00a0<\/p><p>Vi registrerer alene almindelige personoplysninger om vores kunder, samarbejdspartnere mv., herunder navn, adresse, mailadresse og telefonnummer. Nogle af de indhentede personoplysninger indg\u00e5r i de<br \/>kontrakter\/aftaler, vi indg\u00e5r med dig.<\/p><p>\u00a0<\/p><p>Udviklingsselskabet C\u00f8 P\/S indsamler og registrerer personoplysninger for at kunne h\u00e5ndtere din henvendelse, administrere den indg\u00e5ede aftale, samt sende servicemeddelelser og anden relevant information med tilknytning til aftalen. Grundlaget for behandlingen er derfor persondataforordningens artikel 6, stk. 1, litra b. I visse tilf\u00e6lde er grundlaget desuden persondataforordningens artikel 69, stk. 1, litra f, hvorefter vi m\u00e5 behandle personoplysninger, hvis Udviklingsselskabet C\u00f8 P\/S har en legitim interesse heri, som vejer tungere end den registreredes interesser.<\/p><p>\u00a0<\/p><p>I forhold til brug af cookie og indsamling af personoplysninger p\u00e5 vores hjemmeside, henviser vi til den g\u00e6ldende cookiepolitik, som du altid kan finde p\u00e5 vores hjemmeside.\u00a0<\/p>\t\t\t\t\t\t\t\t<\/div>\n\t\t\t\t<\/div>\n\t\t\t\t<div class=\"elementor-element elementor-element-f0e1130 elementor-widget elementor-widget-heading\" data-id=\"f0e1130\" data-element_type=\"widget\" data-widget_type=\"heading.default\">\n\t\t\t\t<div class=\"elementor-widget-container\">\n\t\t\t\t\t<div class=\"elementor-heading-title elementor-size-default\">3. Deltagelse i arrangementer<\/div>\t\t\t\t<\/div>\n\t\t\t\t<\/div>\n\t\t\t\t<div class=\"elementor-element elementor-element-76dfa67 elementor-widget elementor-widget-text-editor\" data-id=\"76dfa67\" data-element_type=\"widget\" data-widget_type=\"text-editor.default\">\n\t\t\t\t<div class=\"elementor-widget-container\">\n\t\t\t\t\t\t\t\t\t<p>Hvis Udviklingsselskabet C\u00f8 P\/S afholder et arrangement, indhenter vi kontaktoplysninger fra deltagerne for at kunne h\u00e5ndtere afviklingen af arrangementet. Tilmeldingslisterne slettes, n\u00e5r arrangementet er afholdt og alt vedr\u00f8rende arrangementet er afsluttet. Hvis der er tale om et tilbagevendende arrangement, som skal afholdes igen p\u00e5 et senere tidspunkt, gemmes tilmeldingslisterne dog i 5 \u00e5r efter, at arrangementet er afholdt. Dette g\u00f8r vi for at kunne evaluere p\u00e5, hvem der har deltaget, og hvordan vi kan forbedre arrangementet, n\u00e5r vi skal afholde arrangementet igen. Oplysninger om de tilmeldte anvendes derfor alene til dette form\u00e5l, og som f\u00f8lge heraf har vi vurderet, at vores interesse i at gemme disse oplysninger vejer tungere end hensynet til den registrerede.<\/p><p>Der kan blive taget situationsbilleder til arrangementet, som vil blive lagt p\u00e5 vores hjemmeside eller de sociale medier. Hvis du ikke \u00f8nsker at v\u00e6re med p\u00e5 de billeder, vi tager til arrangementer, kan du altid meddele os dette.<\/p>\t\t\t\t\t\t\t\t<\/div>\n\t\t\t\t<\/div>\n\t\t\t\t<div class=\"elementor-element elementor-element-0372b9b elementor-widget elementor-widget-heading\" data-id=\"0372b9b\" data-element_type=\"widget\" data-widget_type=\"heading.default\">\n\t\t\t\t<div class=\"elementor-widget-container\">\n\t\t\t\t\t<div class=\"elementor-heading-title elementor-size-default\">4. Opbevaringsperiode<\/div>\t\t\t\t<\/div>\n\t\t\t\t<\/div>\n\t\t\t\t<div class=\"elementor-element elementor-element-01568f8 elementor-widget elementor-widget-text-editor\" data-id=\"01568f8\" data-element_type=\"widget\" data-widget_type=\"text-editor.default\">\n\t\t\t\t<div class=\"elementor-widget-container\">\n\t\t\t\t\t\t\t\t\t<p>Persondatalovgivningen indeholder ikke regler om, hvorn\u00e5r personoplysninger skal slettes. Dette skal afg\u00f8res af os som dataansvarlig i den enkelte situation. Ved vurderingen heraf l\u00e6gger vi navnlig v\u00e6gt p\u00e5, om en fortsat opbevaring af personoplysningerne tjener et sagligt form\u00e5l, eller om vi er forpligtet i medf\u00f8r af lovgivningen til at opbevare bestemte oplysninger eller dokumenter.<\/p><p>\u00a0<\/p><p>Vi har vurderet, at det udg\u00f8r en saglig opbevaringsgrund, at vi kan dokumentere samtlige indg\u00e5ede aftaler, herunder at vi har mulighed for at se, hvilke skridt der tidligere er foretaget i relation til dig som kunde. De personoplysninger, vi bruger til at administrere vores aftaler, vil derfor f\u00f8rst blive slettet i henhold til vores g\u00e6ldende slettepolitik, efter kundeforholdet\/samarbejdet er oph\u00f8rt.<\/p><p>\u00a0<\/p><p>\u00d8vrige oplysninger om dig, som ikke er n\u00f8dvendige at opbevare for at dokumentere en aftale, vil blive slettet p\u00e5 det tidspunkt, hvor vi vurderer, at vi ikke l\u00e6ngere har et sagligt behov for fortsat opbevaring, eller hvis lovgivningen i \u00f8vrigt p\u00e5l\u00e6gger os at slette disse oplysninger p\u00e5 et bestemt tidspunkt.<\/p>\t\t\t\t\t\t\t\t<\/div>\n\t\t\t\t<\/div>\n\t\t\t\t<div class=\"elementor-element elementor-element-aacaa87 elementor-widget elementor-widget-heading\" data-id=\"aacaa87\" data-element_type=\"widget\" data-widget_type=\"heading.default\">\n\t\t\t\t<div class=\"elementor-widget-container\">\n\t\t\t\t\t<div class=\"elementor-heading-title elementor-size-default\">5. Sikkerhed, overf\u00f8rsel eller videregivelse af personoplysninger<\/div>\t\t\t\t<\/div>\n\t\t\t\t<\/div>\n\t\t\t\t<div class=\"elementor-element elementor-element-c62b8eb elementor-widget elementor-widget-text-editor\" data-id=\"c62b8eb\" data-element_type=\"widget\" data-widget_type=\"text-editor.default\">\n\t\t\t\t<div class=\"elementor-widget-container\">\n\t\t\t\t\t\t\t\t\t<p>Vi behandler dine personoplysninger fortroligt, og vi har ligeledes foretaget en r\u00e6kke tekniske og organisatoriske sikkerhedsforanstaltninger med det form\u00e5l at beskytte dine personoplysninger mod h\u00e6ndelig eller ulovlig tilintetg\u00f8relse, fortabelse eller forringelse, samt mod at de kommer til uvedkommendes kendskab, misbruges eller i \u00f8vrigt behandles i strid med persondatalovgivningen.<\/p><p>Ud over at vi har adgang til dine personoplysninger, har virksomheden ligeledes givet adgang til en r\u00e6kke databehandlere. Vi bruger eksempelvis databehandlere i forbindelse med de drifts- og IT-sikkerhedsm\u00e6ssige opgaver (f.eks. backup, hosting af hjemmeside mv.), som vi f\u00e5r l\u00f8st eksternt. Opbevaring af eller etablering af adgang til oplysningerne hos databehandlerne er underlagt en r\u00e6kke regler, og der er derfor indg\u00e5et databehandleraftaler med samtlige databehandlere, der blandt andet skal sikre et passende sikkerhedsniveau.<\/p><p>\u00a0<\/p><p>Vi behandler alle oplysninger fortroligt og videregiver dem ikke til tredjemand, medmindre vi har et s\u00e6rligt grundlag herfor, eksempelvis hvis vi er p\u00e5lagt at videregive relevante personoplysninger til vores advokat eller revisor i forbindelse med behandling af retstvister eller udarbejdelse af \u00e5rsregnskab\u00a0 Lovgivningen kan ligeledes p\u00e5l\u00e6gge os at videregive personoplysninger.\u00a0<\/p>\t\t\t\t\t\t\t\t<\/div>\n\t\t\t\t<\/div>\n\t\t\t\t<div class=\"elementor-element elementor-element-cfd227b elementor-widget elementor-widget-heading\" data-id=\"cfd227b\" data-element_type=\"widget\" data-widget_type=\"heading.default\">\n\t\t\t\t<div class=\"elementor-widget-container\">\n\t\t\t\t\t<div class=\"elementor-heading-title elementor-size-default\">6. Dine rettigheder<\/div>\t\t\t\t<\/div>\n\t\t\t\t<\/div>\n\t\t\t\t<div class=\"elementor-element elementor-element-2b1e4d2 elementor-widget elementor-widget-text-editor\" data-id=\"2b1e4d2\" data-element_type=\"widget\" data-widget_type=\"text-editor.default\">\n\t\t\t\t<div class=\"elementor-widget-container\">\n\t\t\t\t\t\t\t\t\t<p>Du har ret til at f\u00e5 indsigt i, hvilke personoplysninger vi behandler om dig samt i visse tilf\u00e6lde at f\u00e5 disse udleveret p\u00e5 et maskinl\u00e6sbart medie (dataportabilitet). Du har endvidere ret til at bede om, at vi retter dine personoplysninger, hvis de er forkerte eller vildledende. I s\u00e5 fald skal du sende os en konkret anmodning herom.<\/p><p>\u00a0<\/p><p>Hvis vi i s\u00e6rlige tilf\u00e6lde behandler andre personoplysninger om dig eller foretager en anden form for behandling end den, vi beskriver her, vil vi informere dig s\u00e6rskilt herom.<\/p><p>\u00a0<\/p><p>I det omfang du har givet dit samtykke til behandling af dine personoplysninger, har du altid mulighed for at tilbagekalde dette. Vi kan dog fortsat behandle dine personoplysninger, hvis behandlingen ikke baserer sig<br \/>p\u00e5 dit samtykke.<\/p><p>\u00a0<\/p><p>Du har ogs\u00e5 i nogle tilf\u00e6lde ret til at f\u00e5 slettet dine personoplysninger f\u00f8r det tidspunkt, der normalvis f\u00f8lger af vores sletteprocedurer, ligesom du i nogle tilf\u00e6lde kan g\u00f8re indsigelse mod vores behandling af dine personoplysninger.<\/p><p>I det omfang du har sp\u00f8rgsm\u00e5l til ovenst\u00e5ende eller dine rettigheder i henhold til persondatalovgivningen, har du altid mulighed for at kontakte os p\u00e5 kontakt@papiroeen.dk.<\/p><p>\u00a0<\/p><p>Du kan l\u00e6se mere om persondatalovgivningen og dine rettigheder p\u00e5 Datatilsynets hjemmeside:\u00a0<a href=\"http:\/\/www.datatilsynet.dk\/\" rel=\"nofollow noopener\" target=\"_blank\">www.datatilsynet.dk<\/a>. Datatilsynet er den myndighed, der i sidste ende kan vurdere, om dine personoplysninger behandles lovligt<\/p>\t\t\t\t\t\t\t\t<\/div>\n\t\t\t\t<\/div>\n\t\t\t\t\t<\/div>\n\t\t<\/div>\n\t\t\t\t\t<\/div>\n\t\t<\/section>\n\t\t\t\t<\/div>","protected":false},"excerpt":{"rendered":"<p>Privatlivspolitik 1. Indledning I denne privatlivspolitik kan du l\u00e6se n\u00e6rmere om, hvordan Udviklingsselskabet C\u00f8 P\/S behandler personoplysninger om kunder, samarbejdspartnere mv. \u00a0 Vores kontaktoplysninger er: kontakt@papiroeen.dk \u00a0 Indsamling og behandling af personoplysninger foretages altid i overensstemmelse med den til enhver tid g\u00e6ldende persondatalovgivning, og (virksomhed navn) behandler alene personoplysninger, hvis virksomheden har et grundlag herfor. [&hellip;]<\/p>","protected":false},"author":10,"featured_media":0,"parent":0,"menu_order":0,"comment_status":"closed","ping_status":"closed","template":"","meta":{"footnotes":""},"class_list":["post-3664","page","type-page","status-publish","hentry"],"acf":[],"_links":{"self":[{"href":"https:\/\/papiroeen-boliger.dk\/en\/wp-json\/wp\/v2\/pages\/3664","targetHints":{"allow":["GET"]}}],"collection":[{"href":"https:\/\/papiroeen-boliger.dk\/en\/wp-json\/wp\/v2\/pages"}],"about":[{"href":"https:\/\/papiroeen-boliger.dk\/en\/wp-json\/wp\/v2\/types\/page"}],"author":[{"embeddable":true,"href":"https:\/\/papiroeen-boliger.dk\/en\/wp-json\/wp\/v2\/users\/10"}],"replies":[{"embeddable":true,"href":"https:\/\/papiroeen-boliger.dk\/en\/wp-json\/wp\/v2\/comments?post=3664"}],"version-history":[{"count":10,"href":"https:\/\/papiroeen-boliger.dk\/en\/wp-json\/wp\/v2\/pages\/3664\/revisions"}],"predecessor-version":[{"id":4775,"href":"https:\/\/papiroeen-boliger.dk\/en\/wp-json\/wp\/v2\/pages\/3664\/revisions\/4775"}],"wp:attachment":[{"href":"https:\/\/papiroeen-boliger.dk\/en\/wp-json\/wp\/v2\/media?parent=3664"}],"curies":[{"name":"wp","href":"https:\/\/api.w.org\/{rel}","templated":true}]}}