{"id":272,"date":"2021-06-08T19:52:40","date_gmt":"2021-06-08T17:52:40","guid":{"rendered":"https:\/\/papiroeen.development-dd.dk\/?page_id=272"},"modified":"2024-04-25T15:32:06","modified_gmt":"2024-04-25T13:32:06","slug":"kontakt","status":"publish","type":"page","link":"https:\/\/papiroeen-boliger.dk\/en\/kontakt\/","title":{"rendered":"Contact"},"content":{"rendered":"<div data-elementor-type=\"wp-page\" data-elementor-id=\"272\" class=\"elementor elementor-272\" data-elementor-post-type=\"page\">\n\t\t\t\t\t\t<section class=\"elementor-section elementor-top-section elementor-element elementor-element-92c9fb9 elementor-section-height-min-height elementor-section-boxed elementor-section-height-default elementor-section-items-middle\" data-id=\"92c9fb9\" data-element_type=\"section\" data-settings=\"{&quot;background_background&quot;:&quot;classic&quot;}\">\n\t\t\t\t\t\t<div class=\"elementor-container elementor-column-gap-default\">\n\t\t\t\t\t<div class=\"elementor-column elementor-col-100 elementor-top-column elementor-element elementor-element-17a3e60\" data-id=\"17a3e60\" data-element_type=\"column\">\n\t\t\t<div class=\"elementor-widget-wrap elementor-element-populated\">\n\t\t\t\t\t\t<div class=\"elementor-element elementor-element-52fb201 elementor-widget elementor-widget-heading\" data-id=\"52fb201\" data-element_type=\"widget\" data-widget_type=\"heading.default\">\n\t\t\t\t<div class=\"elementor-widget-container\">\n\t\t\t\t\t<h1 class=\"elementor-heading-title elementor-size-default\">Vil du vide mere \nom papir\u00f8en?<\/h1>\t\t\t\t<\/div>\n\t\t\t\t<\/div>\n\t\t\t\t<div class=\"elementor-element elementor-element-a666816 elementor-widget elementor-widget-text-editor\" data-id=\"a666816\" data-element_type=\"widget\" data-widget_type=\"text-editor.default\">\n\t\t\t\t<div class=\"elementor-widget-container\">\n\t\t\t\t\t\t\t\t\t<p>Her kan du skrive dig op, hvis du gerne vil vide mere om lejlighederne. Herefter kontakter vi dig hurtigst muligt.<\/p>\t\t\t\t\t\t\t\t<\/div>\n\t\t\t\t<\/div>\n\t\t\t\t<div class=\"elementor-element elementor-element-7c3df52 elementor-widget elementor-widget-heading\" data-id=\"7c3df52\" data-element_type=\"widget\" data-widget_type=\"heading.default\">\n\t\t\t\t<div class=\"elementor-widget-container\">\n\t\t\t\t\t<div class=\"elementor-heading-title elementor-size-default\"><a href=\"http:\/\/www.papiroeen.dk\" target=\"_blank\" rel=\"nofollow noopener\">F\u00f8lg med i processen p\u00e5 papiroeen.dk<\/a><\/div>\t\t\t\t<\/div>\n\t\t\t\t<\/div>\n\t\t\t\t\t<\/div>\n\t\t<\/div>\n\t\t\t\t\t<\/div>\n\t\t<\/section>\n\t\t\t\t<section class=\"elementor-section elementor-top-section elementor-element elementor-element-9a0c058 elementor-section-boxed elementor-section-height-default elementor-section-height-default\" data-id=\"9a0c058\" data-element_type=\"section\">\n\t\t\t\t\t\t<div class=\"elementor-container elementor-column-gap-default\">\n\t\t\t\t\t<div class=\"elementor-column elementor-col-100 elementor-top-column elementor-element elementor-element-fbcd589\" data-id=\"fbcd589\" data-element_type=\"column\">\n\t\t\t<div class=\"elementor-widget-wrap elementor-element-populated\">\n\t\t\t\t\t\t<div class=\"elementor-element elementor-element-359c54a elementor-widget elementor-widget-heading\" data-id=\"359c54a\" data-element_type=\"widget\" data-widget_type=\"heading.default\">\n\t\t\t\t<div class=\"elementor-widget-container\">\n\t\t\t\t\t<h2 class=\"elementor-heading-title elementor-size-default\">Kontakt og information<\/h2>\t\t\t\t<\/div>\n\t\t\t\t<\/div>\n\t\t\t\t\t<\/div>\n\t\t<\/div>\n\t\t\t\t\t<\/div>\n\t\t<\/section>\n\t\t\t\t<section class=\"elementor-section elementor-top-section elementor-element elementor-element-bb1208a elementor-section-content-middle elementor-section-boxed elementor-section-height-default elementor-section-height-default\" data-id=\"bb1208a\" data-element_type=\"section\">\n\t\t\t\t\t\t<div class=\"elementor-container elementor-column-gap-wide\">\n\t\t\t\t\t<div class=\"elementor-column elementor-col-50 elementor-top-column elementor-element elementor-element-5505db1\" data-id=\"5505db1\" data-element_type=\"column\">\n\t\t\t<div class=\"elementor-widget-wrap elementor-element-populated\">\n\t\t\t\t\t\t<div class=\"elementor-element elementor-element-c7db507 elementor-widget elementor-widget-heading\" data-id=\"c7db507\" data-element_type=\"widget\" data-widget_type=\"heading.default\">\n\t\t\t\t<div class=\"elementor-widget-container\">\n\t\t\t\t\t<div class=\"elementor-heading-title elementor-size-default\">RealM\u00e6glerne <br>Projektsalg<\/div>\t\t\t\t<\/div>\n\t\t\t\t<\/div>\n\t\t\t\t<div class=\"elementor-element elementor-element-fee5ef0 elementor-widget elementor-widget-text-editor\" data-id=\"fee5ef0\" data-element_type=\"widget\" data-widget_type=\"text-editor.default\">\n\t\t\t\t<div class=\"elementor-widget-container\">\n\t\t\t\t\t\t\t\t\t<p>v\/ RealM\u00e6glerne Nordhavn ApS<br \/>Sandkaj 17A \u2013 2150 Nordhavn<br \/><a href=\"mailto:projekt@mailreal.dk\">projekt@mailreal.dk<\/a><br \/><a href=\"tel:+4543582100\">43 58 21 00<\/a><\/p>\t\t\t\t\t\t\t\t<\/div>\n\t\t\t\t<\/div>\n\t\t\t\t\t<\/div>\n\t\t<\/div>\n\t\t\t\t<div class=\"elementor-column elementor-col-50 elementor-top-column elementor-element elementor-element-5373d6b\" data-id=\"5373d6b\" data-element_type=\"column\">\n\t\t\t<div class=\"elementor-widget-wrap elementor-element-populated\">\n\t\t\t\t\t\t<div class=\"elementor-element elementor-element-c13a337 elementor-widget elementor-widget-heading\" data-id=\"c13a337\" data-element_type=\"widget\" data-widget_type=\"heading.default\">\n\t\t\t\t<div class=\"elementor-widget-container\">\n\t\t\t\t\t<div class=\"elementor-heading-title elementor-size-default\">home City<br>Projektsalg<\/div>\t\t\t\t<\/div>\n\t\t\t\t<\/div>\n\t\t\t\t<div class=\"elementor-element elementor-element-757d6ce elementor-widget elementor-widget-text-editor\" data-id=\"757d6ce\" data-element_type=\"widget\" data-widget_type=\"text-editor.default\">\n\t\t\t\t<div class=\"elementor-widget-container\">\n\t\t\t\t\t\t\t\t\t<p>v\/ Lone B\u00f8egh Henriksen<br \/><a href=\"mailto:papiroeen@home.dk\">papiroeen@home.dk<\/a><br \/><a href=\"tel:+4533330305\">33 33 03 05<\/a><\/p>\t\t\t\t\t\t\t\t<\/div>\n\t\t\t\t<\/div>\n\t\t\t\t\t<\/div>\n\t\t<\/div>\n\t\t\t\t\t<\/div>\n\t\t<\/section>\n\t\t\t\t<section class=\"elementor-section elementor-top-section elementor-element elementor-element-a6900b7 elementor-section-boxed elementor-section-height-default elementor-section-height-default\" data-id=\"a6900b7\" data-element_type=\"section\">\n\t\t\t\t\t\t<div class=\"elementor-container elementor-column-gap-default\">\n\t\t\t\t\t<div class=\"elementor-column elementor-col-100 elementor-top-column elementor-element elementor-element-e2f0b34\" data-id=\"e2f0b34\" data-element_type=\"column\">\n\t\t\t<div class=\"elementor-widget-wrap elementor-element-populated\">\n\t\t\t\t\t\t<div class=\"elementor-element elementor-element-4451f00 elementor-widget elementor-widget-heading\" data-id=\"4451f00\" data-element_type=\"widget\" data-widget_type=\"heading.default\">\n\t\t\t\t<div class=\"elementor-widget-container\">\n\t\t\t\t\t<h2 class=\"elementor-heading-title elementor-size-default\">projektets parter<\/h2>\t\t\t\t<\/div>\n\t\t\t\t<\/div>\n\t\t\t\t\t<\/div>\n\t\t<\/div>\n\t\t\t\t\t<\/div>\n\t\t<\/section>\n\t\t\t\t<section class=\"elementor-section elementor-top-section elementor-element elementor-element-d8a080f elementor-section-boxed elementor-section-height-default elementor-section-height-default\" data-id=\"d8a080f\" data-element_type=\"section\">\n\t\t\t\t\t\t<div class=\"elementor-container elementor-column-gap-default\">\n\t\t\t\t\t<div class=\"elementor-column elementor-col-33 elementor-top-column elementor-element elementor-element-e083f71\" data-id=\"e083f71\" data-element_type=\"column\">\n\t\t\t<div class=\"elementor-widget-wrap elementor-element-populated\">\n\t\t\t\t\t\t<div class=\"elementor-element elementor-element-c5b41d9 elementor-widget elementor-widget-heading\" data-id=\"c5b41d9\" data-element_type=\"widget\" data-widget_type=\"heading.default\">\n\t\t\t\t<div class=\"elementor-widget-container\">\n\t\t\t\t\t<div class=\"elementor-heading-title elementor-size-default\"> Client<\/div>\t\t\t\t<\/div>\n\t\t\t\t<\/div>\n\t\t\t\t<div class=\"elementor-element elementor-element-36f272a elementor-widget elementor-widget-image\" data-id=\"36f272a\" data-element_type=\"widget\" data-widget_type=\"image.default\">\n\t\t\t\t<div class=\"elementor-widget-container\">\n\t\t\t\t\t\t\t\t\t\t\t\t\t\t\t<img decoding=\"async\" width=\"217\" height=\"56\" src=\"https:\/\/papiroeen-boliger.dk\/wp-content\/uploads\/2021\/08\/Nordkranen.jpg\" class=\"attachment-medium size-medium wp-image-4582\" alt=\"\" srcset=\"https:\/\/papiroeen-boliger.dk\/wp-content\/uploads\/2021\/08\/Nordkranen.jpg 217w, https:\/\/papiroeen-boliger.dk\/wp-content\/uploads\/2021\/08\/Nordkranen-16x4.jpg 16w\" sizes=\"(max-width: 217px) 100vw, 217px\" \/>\t\t\t\t\t\t\t\t\t\t\t\t\t\t\t<\/div>\n\t\t\t\t<\/div>\n\t\t\t\t\t<\/div>\n\t\t<\/div>\n\t\t\t\t<div class=\"elementor-column elementor-col-33 elementor-top-column elementor-element elementor-element-ca6ef7e\" data-id=\"ca6ef7e\" data-element_type=\"column\">\n\t\t\t<div class=\"elementor-widget-wrap elementor-element-populated\">\n\t\t\t\t\t\t<div class=\"elementor-element elementor-element-96a4492 elementor-widget elementor-widget-heading\" data-id=\"96a4492\" data-element_type=\"widget\" data-widget_type=\"heading.default\">\n\t\t\t\t<div class=\"elementor-widget-container\">\n\t\t\t\t\t<div class=\"elementor-heading-title elementor-size-default\">Client<\/div>\t\t\t\t<\/div>\n\t\t\t\t<\/div>\n\t\t\t\t<div class=\"elementor-element elementor-element-f876fb0 elementor-widget elementor-widget-image\" data-id=\"f876fb0\" data-element_type=\"widget\" data-widget_type=\"image.default\">\n\t\t\t\t<div class=\"elementor-widget-container\">\n\t\t\t\t\t\t\t\t\t\t\t\t\t\t\t<img decoding=\"async\" width=\"293\" height=\"49\" src=\"https:\/\/papiroeen-boliger.dk\/wp-content\/uploads\/2021\/08\/Danica-Pension.jpg\" class=\"attachment-medium size-medium wp-image-4583\" alt=\"\" srcset=\"https:\/\/papiroeen-boliger.dk\/wp-content\/uploads\/2021\/08\/Danica-Pension.jpg 293w, https:\/\/papiroeen-boliger.dk\/wp-content\/uploads\/2021\/08\/Danica-Pension-16x3.jpg 16w\" sizes=\"(max-width: 293px) 100vw, 293px\" \/>\t\t\t\t\t\t\t\t\t\t\t\t\t\t\t<\/div>\n\t\t\t\t<\/div>\n\t\t\t\t\t<\/div>\n\t\t<\/div>\n\t\t\t\t<div class=\"elementor-column elementor-col-33 elementor-top-column elementor-element elementor-element-c2c59fd\" data-id=\"c2c59fd\" data-element_type=\"column\">\n\t\t\t<div class=\"elementor-widget-wrap elementor-element-populated\">\n\t\t\t\t\t\t<div class=\"elementor-element elementor-element-3a77e9e elementor-widget elementor-widget-heading\" data-id=\"3a77e9e\" data-element_type=\"widget\" data-widget_type=\"heading.default\">\n\t\t\t\t<div class=\"elementor-widget-container\">\n\t\t\t\t\t<div class=\"elementor-heading-title elementor-size-default\">   Client<\/div>\t\t\t\t<\/div>\n\t\t\t\t<\/div>\n\t\t\t\t<div class=\"elementor-element elementor-element-156dddf elementor-widget elementor-widget-image\" data-id=\"156dddf\" data-element_type=\"widget\" data-widget_type=\"image.default\">\n\t\t\t\t<div class=\"elementor-widget-container\">\n\t\t\t\t\t\t\t\t\t\t\t\t\t\t\t<img decoding=\"async\" width=\"291\" height=\"44\" src=\"https:\/\/papiroeen-boliger.dk\/wp-content\/uploads\/2021\/08\/Union-Holding.jpg\" class=\"attachment-medium size-medium wp-image-4584\" alt=\"\" srcset=\"https:\/\/papiroeen-boliger.dk\/wp-content\/uploads\/2021\/08\/Union-Holding.jpg 291w, https:\/\/papiroeen-boliger.dk\/wp-content\/uploads\/2021\/08\/Union-Holding-16x2.jpg 16w\" sizes=\"(max-width: 291px) 100vw, 291px\" \/>\t\t\t\t\t\t\t\t\t\t\t\t\t\t\t<\/div>\n\t\t\t\t<\/div>\n\t\t\t\t\t<\/div>\n\t\t<\/div>\n\t\t\t\t\t<\/div>\n\t\t<\/section>\n\t\t\t\t<section class=\"elementor-section elementor-top-section elementor-element elementor-element-0265526 elementor-section-boxed elementor-section-height-default elementor-section-height-default\" data-id=\"0265526\" data-element_type=\"section\">\n\t\t\t\t\t\t<div class=\"elementor-container elementor-column-gap-default\">\n\t\t\t\t\t<div class=\"elementor-column elementor-col-33 elementor-top-column elementor-element elementor-element-b2d8b87\" data-id=\"b2d8b87\" data-element_type=\"column\">\n\t\t\t<div class=\"elementor-widget-wrap elementor-element-populated\">\n\t\t\t\t\t\t<div class=\"elementor-element elementor-element-471c61e elementor-widget elementor-widget-heading\" data-id=\"471c61e\" data-element_type=\"widget\" data-widget_type=\"heading.default\">\n\t\t\t\t<div class=\"elementor-widget-container\">\n\t\t\t\t\t<div class=\"elementor-heading-title elementor-size-default\">Turnkey contractor<\/div>\t\t\t\t<\/div>\n\t\t\t\t<\/div>\n\t\t\t\t<div class=\"elementor-element elementor-element-87d9f0e elementor-widget elementor-widget-image\" data-id=\"87d9f0e\" data-element_type=\"widget\" data-widget_type=\"image.default\">\n\t\t\t\t<div class=\"elementor-widget-container\">\n\t\t\t\t\t\t\t\t\t\t\t\t\t\t\t<img loading=\"lazy\" decoding=\"async\" width=\"299\" height=\"140\" src=\"https:\/\/papiroeen-boliger.dk\/wp-content\/uploads\/2021\/08\/NCC.jpg\" class=\"attachment-medium size-medium wp-image-4585\" alt=\"\" srcset=\"https:\/\/papiroeen-boliger.dk\/wp-content\/uploads\/2021\/08\/NCC.jpg 299w, https:\/\/papiroeen-boliger.dk\/wp-content\/uploads\/2021\/08\/NCC-16x7.jpg 16w\" sizes=\"(max-width: 299px) 100vw, 299px\" \/>\t\t\t\t\t\t\t\t\t\t\t\t\t\t\t<\/div>\n\t\t\t\t<\/div>\n\t\t\t\t\t<\/div>\n\t\t<\/div>\n\t\t\t\t<div class=\"elementor-column elementor-col-33 elementor-top-column elementor-element elementor-element-66cc9d4\" data-id=\"66cc9d4\" data-element_type=\"column\">\n\t\t\t<div class=\"elementor-widget-wrap elementor-element-populated\">\n\t\t\t\t\t\t<div class=\"elementor-element elementor-element-09c53fd elementor-widget elementor-widget-heading\" data-id=\"09c53fd\" data-element_type=\"widget\" data-widget_type=\"heading.default\">\n\t\t\t\t<div class=\"elementor-widget-container\">\n\t\t\t\t\t<div class=\"elementor-heading-title elementor-size-default\">Engineer<\/div>\t\t\t\t<\/div>\n\t\t\t\t<\/div>\n\t\t\t\t<div class=\"elementor-element elementor-element-09d4bac elementor-widget elementor-widget-image\" data-id=\"09d4bac\" data-element_type=\"widget\" data-widget_type=\"image.default\">\n\t\t\t\t<div class=\"elementor-widget-container\">\n\t\t\t\t\t\t\t\t\t\t\t\t\t\t\t<img loading=\"lazy\" decoding=\"async\" width=\"145\" height=\"72\" src=\"https:\/\/papiroeen-boliger.dk\/wp-content\/uploads\/2021\/08\/MOE.jpg\" class=\"attachment-medium size-medium wp-image-4586\" alt=\"\" srcset=\"https:\/\/papiroeen-boliger.dk\/wp-content\/uploads\/2021\/08\/MOE.jpg 145w, https:\/\/papiroeen-boliger.dk\/wp-content\/uploads\/2021\/08\/MOE-16x8.jpg 16w\" sizes=\"(max-width: 145px) 100vw, 145px\" \/>\t\t\t\t\t\t\t\t\t\t\t\t\t\t\t<\/div>\n\t\t\t\t<\/div>\n\t\t\t\t\t<\/div>\n\t\t<\/div>\n\t\t\t\t<div class=\"elementor-column elementor-col-33 elementor-top-column elementor-element elementor-element-6c285ad\" data-id=\"6c285ad\" data-element_type=\"column\">\n\t\t\t<div class=\"elementor-widget-wrap elementor-element-populated\">\n\t\t\t\t\t\t<div class=\"elementor-element elementor-element-a949d59 elementor-widget elementor-widget-heading\" data-id=\"a949d59\" data-element_type=\"widget\" data-widget_type=\"heading.default\">\n\t\t\t\t<div class=\"elementor-widget-container\">\n\t\t\t\t\t<div class=\"elementor-heading-title elementor-size-default\">Architect<\/div>\t\t\t\t<\/div>\n\t\t\t\t<\/div>\n\t\t\t\t<div class=\"elementor-element elementor-element-5503b92 elementor-widget elementor-widget-image\" data-id=\"5503b92\" data-element_type=\"widget\" data-widget_type=\"image.default\">\n\t\t\t\t<div class=\"elementor-widget-container\">\n\t\t\t\t\t\t\t\t\t\t\t\t\t\t\t<img loading=\"lazy\" decoding=\"async\" width=\"300\" height=\"112\" src=\"https:\/\/papiroeen-boliger.dk\/wp-content\/uploads\/2021\/06\/download@2x-300x112.png\" class=\"attachment-medium size-medium wp-image-566\" alt=\"\" srcset=\"https:\/\/papiroeen-boliger.dk\/wp-content\/uploads\/2021\/06\/download@2x-300x112.png 300w, https:\/\/papiroeen-boliger.dk\/wp-content\/uploads\/2021\/06\/download@2x.png 734w\" sizes=\"(max-width: 300px) 100vw, 300px\" \/>\t\t\t\t\t\t\t\t\t\t\t\t\t\t\t<\/div>\n\t\t\t\t<\/div>\n\t\t\t\t\t<\/div>\n\t\t<\/div>\n\t\t\t\t\t<\/div>\n\t\t<\/section>\n\t\t\t\t<section class=\"elementor-section elementor-top-section elementor-element elementor-element-c88492b elementor-section-full_width elementor-section-height-default elementor-section-height-default\" data-id=\"c88492b\" data-element_type=\"section\">\n\t\t\t\t\t\t<div class=\"elementor-container elementor-column-gap-default\">\n\t\t\t\t\t<div class=\"elementor-column elementor-col-100 elementor-top-column elementor-element elementor-element-03cb3b7\" data-id=\"03cb3b7\" data-element_type=\"column\">\n\t\t\t<div class=\"elementor-widget-wrap elementor-element-populated\">\n\t\t\t\t\t\t<div class=\"elementor-element elementor-element-265077d elementor-widget elementor-widget-uael-google-map\" data-id=\"265077d\" data-element_type=\"widget\" data-widget_type=\"uael-google-map.default\">\n\t\t\t\t<div class=\"elementor-widget-container\">\n\t\t\t\t\t\t\t<div class=\"uael-google-map-wrap\">\n\t\t\t<div id=\"uael-google-map-265077d\" class=\"uael-google-map\" data-map_options=\"{&quot;zoom&quot;:17,&quot;mapTypeId&quot;:&quot;roadmap&quot;,&quot;mapTypeControl&quot;:false,&quot;streetViewControl&quot;:false,&quot;zoomControl&quot;:false,&quot;fullscreenControl&quot;:false,&quot;gestureHandling&quot;:true}\" data-cluster=\"\" data-cluster-attr=\"[]\" data-max-width=\"400\" data-locations=\"[[&quot;55.679160&quot;,&quot;12.598283&quot;,true,&quot;Papir\\u00f8en&quot;,&quot;&lt;button class=\\&quot;custom-gm\\&quot;&gt;&lt;a href=\\&quot;https:\\\/\\\/www.google.com\\\/maps\\\/place\\\/55%C2%B040&#039;45.1%22N+12%C2%B035&#039;52.9%22E\\\/@55.6791805,12.5987869,17z\\\/data=!4m13!1m7!3m6!1s0x4652532415672297:0x11fa333d49b59976!2sChristiansholm!3b1!8m2!3d55.6833333!4d12.5999999!3m4!1s0x0:0x0!8m2!3d55.6790638!4d12.5977284\\&quot; target=\\&quot;_blank\\&quot;&gt;Google Maps&lt;\\\/a&gt;&lt;\\\/button&gt;&quot;,&quot;custom&quot;,&quot;https:\\\/\\\/papiroeen-boliger.dk\\\/\\\/wp-content\\\/uploads\\\/2021\\\/06\\\/Group-1620.png&quot;,&quot;&quot;,&quot;&quot;]]\" data-animate=\"drop\" data-auto-center=\"center\" data-predefined-style=\"silver\"><\/div>\n\t\t<\/div>\n\t\t\t\t\t\t<\/div>\n\t\t\t\t<\/div>\n\t\t\t\t\t<\/div>\n\t\t<\/div>\n\t\t\t\t\t<\/div>\n\t\t<\/section>\n\t\t\t\t<\/div>","protected":false},"excerpt":{"rendered":"<p>Vil du vide mere om papir\u00f8en? Her kan du skrive dig op, hvis du gerne vil vide mere om lejlighederne. Herefter kontakter vi dig hurtigst muligt. F\u00f8lg med i processen p\u00e5 papiroeen.dk Kontakt og information RealM\u00e6glerne Projektsalg v\/ RealM\u00e6glerne Nordhavn ApSSandkaj 17A &#8211; 2150 Nordhavnprojekt@mailreal.dk43 58 21 00 home CityProjektsalg v\/ Lone B\u00f8egh Henriksenpapiroeen@home.dk33 33 [&hellip;]<\/p>","protected":false},"author":10,"featured_media":3706,"parent":0,"menu_order":0,"comment_status":"closed","ping_status":"closed","template":"","meta":{"footnotes":""},"class_list":["post-272","page","type-page","status-publish","has-post-thumbnail","hentry"],"acf":[],"_links":{"self":[{"href":"https:\/\/papiroeen-boliger.dk\/en\/wp-json\/wp\/v2\/pages\/272","targetHints":{"allow":["GET"]}}],"collection":[{"href":"https:\/\/papiroeen-boliger.dk\/en\/wp-json\/wp\/v2\/pages"}],"about":[{"href":"https:\/\/papiroeen-boliger.dk\/en\/wp-json\/wp\/v2\/types\/page"}],"author":[{"embeddable":true,"href":"https:\/\/papiroeen-boliger.dk\/en\/wp-json\/wp\/v2\/users\/10"}],"replies":[{"embeddable":true,"href":"https:\/\/papiroeen-boliger.dk\/en\/wp-json\/wp\/v2\/comments?post=272"}],"version-history":[{"count":803,"href":"https:\/\/papiroeen-boliger.dk\/en\/wp-json\/wp\/v2\/pages\/272\/revisions"}],"predecessor-version":[{"id":5887,"href":"https:\/\/papiroeen-boliger.dk\/en\/wp-json\/wp\/v2\/pages\/272\/revisions\/5887"}],"wp:featuredmedia":[{"embeddable":true,"href":"https:\/\/papiroeen-boliger.dk\/en\/wp-json\/wp\/v2\/media\/3706"}],"wp:attachment":[{"href":"https:\/\/papiroeen-boliger.dk\/en\/wp-json\/wp\/v2\/media?parent=272"}],"curies":[{"name":"wp","href":"https:\/\/api.w.org\/{rel}","templated":true}]}}